{"id":311,"date":"2024-05-14T09:04:25","date_gmt":"2024-05-14T02:04:25","guid":{"rendered":"https:\/\/wyndhamgardenhalong.com\/home\/"},"modified":"2024-08-14T08:44:20","modified_gmt":"2024-08-14T01:44:20","slug":"home","status":"publish","type":"page","link":"https:\/\/wyndhamgardenhalong.com\/en\/","title":{"rendered":"Home"},"content":{"rendered":"<div class=\"fancybox\"><\/div>","protected":false},"excerpt":{"rendered":"","protected":false},"author":1,"featured_media":0,"parent":0,"menu_order":0,"comment_status":"closed","ping_status":"open","template":"index.php","meta":{"_acf_changed":false,"footnotes":""},"class_list":["post-311","page","type-page","status-publish","hentry"],"acf":[],"yoast_head":"<title>Wyndham Garden H\u1ea1 Long - N\u00e9t \u0111\u1eb9p b\u00ecnh y\u00ean b\u00ean v\u1ecbnh di s\u1ea3n<\/title>\n<meta name=\"description\" content=\"T\u1ecda l\u1ea1c t\u1ea1i v\u1ecb tr\u00ed trung t\u00e2m khu du l\u1ecbch B\u00e3i Ch\u00e1y, Wyndham Garden H\u1ea1 Long v\u1edbi t\u1ed5ng c\u1ed9ng 162 ph\u00f2ng ngh\u1ec9 thi\u1ebft k\u1ebf theo ti\u00eau chu\u1ea9n hi\u1ec7n \u0111\u1ea1i v\u00e0 ch\u1ea5t l\u01b0\u1ee3ng ph\u1ee5c v\u1ee5 \u0111\u1ea1t chu\u1ea9n qu\u1ed1c t\u1ebf\" \/>\n<meta name=\"robots\" content=\"index, follow, max-snippet:-1, max-image-preview:large, max-video-preview:-1\" \/>\n<link rel=\"canonical\" href=\"https:\/\/wyndhamgardenhalong.com\/en\/\" \/>\n<meta property=\"og:locale\" content=\"en_US\" \/>\n<meta property=\"og:type\" content=\"article\" \/>\n<meta property=\"og:title\" content=\"Wyndham Garden H\u1ea1 Long - N\u00e9t \u0111\u1eb9p b\u00ecnh y\u00ean b\u00ean v\u1ecbnh di s\u1ea3n\" \/>\n<meta property=\"og:description\" content=\"T\u1ecda l\u1ea1c t\u1ea1i v\u1ecb tr\u00ed trung t\u00e2m khu du l\u1ecbch B\u00e3i Ch\u00e1y, Wyndham Garden H\u1ea1 Long v\u1edbi t\u1ed5ng c\u1ed9ng 162 ph\u00f2ng ngh\u1ec9 thi\u1ebft k\u1ebf theo ti\u00eau chu\u1ea9n hi\u1ec7n \u0111\u1ea1i v\u00e0 ch\u1ea5t l\u01b0\u1ee3ng ph\u1ee5c v\u1ee5 \u0111\u1ea1t chu\u1ea9n qu\u1ed1c t\u1ebf\" \/>\n<meta property=\"og:url\" content=\"https:\/\/wyndhamgardenhalong.com\/en\/\" \/>\n<meta property=\"og:site_name\" content=\"Wyndham Garden H\u1ea1 Long\" \/>\n<meta property=\"article:modified_time\" content=\"2024-08-14T01:44:20+00:00\" \/>\n<meta property=\"og:image\" content=\"https:\/\/wyndhamgardenhalong.com\/wp-content\/uploads\/2024\/08\/Wyndham-Garden-Legend-Halong.webp\" \/>\n\t<meta property=\"og:image:width\" content=\"1200\" \/>\n\t<meta property=\"og:image:height\" content=\"675\" \/>\n\t<meta property=\"og:image:type\" content=\"image\/webp\" \/>\n<meta name=\"twitter:card\" content=\"summary_large_image\" \/>\n<meta name=\"twitter:image\" content=\"https:\/\/wyndhamgardenhalong.com\/wp-content\/uploads\/2024\/08\/Wyndham-Garden-Legend-Halong.webp\" \/>\n<script type=\"application\/ld+json\" class=\"yoast-schema-graph\">{\"@context\":\"https:\/\/schema.org\",\"@graph\":[{\"@type\":\"WebPage\",\"@id\":\"https:\/\/wyndhamgardenhalong.com\/en\/\",\"url\":\"https:\/\/wyndhamgardenhalong.com\/en\/\",\"name\":\"Wyndham Garden H\u1ea1 Long - N\u00e9t \u0111\u1eb9p b\u00ecnh y\u00ean b\u00ean v\u1ecbnh di s\u1ea3n\",\"isPartOf\":{\"@id\":\"https:\/\/wyndhamgardenhalong.com\/en\/#website\"},\"datePublished\":\"2024-05-14T02:04:25+00:00\",\"dateModified\":\"2024-08-14T01:44:20+00:00\",\"description\":\"T\u1ecda l\u1ea1c t\u1ea1i v\u1ecb tr\u00ed trung t\u00e2m khu du l\u1ecbch B\u00e3i Ch\u00e1y, Wyndham Garden H\u1ea1 Long v\u1edbi t\u1ed5ng c\u1ed9ng 162 ph\u00f2ng ngh\u1ec9 thi\u1ebft k\u1ebf theo ti\u00eau chu\u1ea9n hi\u1ec7n \u0111\u1ea1i v\u00e0 ch\u1ea5t l\u01b0\u1ee3ng ph\u1ee5c v\u1ee5 \u0111\u1ea1t chu\u1ea9n qu\u1ed1c t\u1ebf\",\"breadcrumb\":{\"@id\":\"https:\/\/wyndhamgardenhalong.com\/en\/#breadcrumb\"},\"inLanguage\":\"en-US\",\"potentialAction\":[{\"@type\":\"ReadAction\",\"target\":[\"https:\/\/wyndhamgardenhalong.com\/en\/\"]}]},{\"@type\":\"BreadcrumbList\",\"@id\":\"https:\/\/wyndhamgardenhalong.com\/en\/#breadcrumb\",\"itemListElement\":[{\"@type\":\"ListItem\",\"position\":1,\"name\":\"Home\",\"item\":\"https:\/\/wyndhamgardenhalong.com\/en\/\"},{\"@type\":\"ListItem\",\"position\":2,\"name\":\"Home\"}]},{\"@type\":\"WebSite\",\"@id\":\"https:\/\/wyndhamgardenhalong.com\/en\/#website\",\"url\":\"https:\/\/wyndhamgardenhalong.com\/en\/\",\"name\":\"Wyndham Garden H\u1ea1 Long\",\"description\":\"\",\"potentialAction\":[{\"@type\":\"SearchAction\",\"target\":{\"@type\":\"EntryPoint\",\"urlTemplate\":\"https:\/\/wyndhamgardenhalong.com\/en\/?s={search_term_string}\"},\"query-input\":\"required name=search_term_string\"}],\"inLanguage\":\"en-US\"}]}<\/script>","yoast_head_json":{"title":"Wyndham Garden H\u1ea1 Long - N\u00e9t \u0111\u1eb9p b\u00ecnh y\u00ean b\u00ean v\u1ecbnh di s\u1ea3n","description":"T\u1ecda l\u1ea1c t\u1ea1i v\u1ecb tr\u00ed trung t\u00e2m khu du l\u1ecbch B\u00e3i Ch\u00e1y, Wyndham Garden H\u1ea1 Long v\u1edbi t\u1ed5ng c\u1ed9ng 162 ph\u00f2ng ngh\u1ec9 thi\u1ebft k\u1ebf theo ti\u00eau chu\u1ea9n hi\u1ec7n \u0111\u1ea1i v\u00e0 ch\u1ea5t l\u01b0\u1ee3ng ph\u1ee5c v\u1ee5 \u0111\u1ea1t chu\u1ea9n qu\u1ed1c t\u1ebf","robots":{"index":"index","follow":"follow","max-snippet":"max-snippet:-1","max-image-preview":"max-image-preview:large","max-video-preview":"max-video-preview:-1"},"canonical":"https:\/\/wyndhamgardenhalong.com\/en\/","og_locale":"en_US","og_type":"article","og_title":"Wyndham Garden H\u1ea1 Long - N\u00e9t \u0111\u1eb9p b\u00ecnh y\u00ean b\u00ean v\u1ecbnh di s\u1ea3n","og_description":"T\u1ecda l\u1ea1c t\u1ea1i v\u1ecb tr\u00ed trung t\u00e2m khu du l\u1ecbch B\u00e3i Ch\u00e1y, Wyndham Garden H\u1ea1 Long v\u1edbi t\u1ed5ng c\u1ed9ng 162 ph\u00f2ng ngh\u1ec9 thi\u1ebft k\u1ebf theo ti\u00eau chu\u1ea9n hi\u1ec7n \u0111\u1ea1i v\u00e0 ch\u1ea5t l\u01b0\u1ee3ng ph\u1ee5c v\u1ee5 \u0111\u1ea1t chu\u1ea9n qu\u1ed1c t\u1ebf","og_url":"https:\/\/wyndhamgardenhalong.com\/en\/","og_site_name":"Wyndham Garden H\u1ea1 Long","article_modified_time":"2024-08-14T01:44:20+00:00","og_image":[{"width":1200,"height":675,"url":"https:\/\/wyndhamgardenhalong.com\/wp-content\/uploads\/2024\/08\/Wyndham-Garden-Legend-Halong.webp","type":"image\/webp"}],"twitter_card":"summary_large_image","twitter_image":"https:\/\/wyndhamgardenhalong.com\/wp-content\/uploads\/2024\/08\/Wyndham-Garden-Legend-Halong.webp","schema":{"@context":"https:\/\/schema.org","@graph":[{"@type":"WebPage","@id":"https:\/\/wyndhamgardenhalong.com\/en\/","url":"https:\/\/wyndhamgardenhalong.com\/en\/","name":"Wyndham Garden H\u1ea1 Long - N\u00e9t \u0111\u1eb9p b\u00ecnh y\u00ean b\u00ean v\u1ecbnh di s\u1ea3n","isPartOf":{"@id":"https:\/\/wyndhamgardenhalong.com\/en\/#website"},"datePublished":"2024-05-14T02:04:25+00:00","dateModified":"2024-08-14T01:44:20+00:00","description":"T\u1ecda l\u1ea1c t\u1ea1i v\u1ecb tr\u00ed trung t\u00e2m khu du l\u1ecbch B\u00e3i Ch\u00e1y, Wyndham Garden H\u1ea1 Long v\u1edbi t\u1ed5ng c\u1ed9ng 162 ph\u00f2ng ngh\u1ec9 thi\u1ebft k\u1ebf theo ti\u00eau chu\u1ea9n hi\u1ec7n \u0111\u1ea1i v\u00e0 ch\u1ea5t l\u01b0\u1ee3ng ph\u1ee5c v\u1ee5 \u0111\u1ea1t chu\u1ea9n qu\u1ed1c t\u1ebf","breadcrumb":{"@id":"https:\/\/wyndhamgardenhalong.com\/en\/#breadcrumb"},"inLanguage":"en-US","potentialAction":[{"@type":"ReadAction","target":["https:\/\/wyndhamgardenhalong.com\/en\/"]}]},{"@type":"BreadcrumbList","@id":"https:\/\/wyndhamgardenhalong.com\/en\/#breadcrumb","itemListElement":[{"@type":"ListItem","position":1,"name":"Home","item":"https:\/\/wyndhamgardenhalong.com\/en\/"},{"@type":"ListItem","position":2,"name":"Home"}]},{"@type":"WebSite","@id":"https:\/\/wyndhamgardenhalong.com\/en\/#website","url":"https:\/\/wyndhamgardenhalong.com\/en\/","name":"Wyndham Garden H\u1ea1 Long","description":"","potentialAction":[{"@type":"SearchAction","target":{"@type":"EntryPoint","urlTemplate":"https:\/\/wyndhamgardenhalong.com\/en\/?s={search_term_string}"},"query-input":"required name=search_term_string"}],"inLanguage":"en-US"}]}},"_links":{"self":[{"href":"https:\/\/wyndhamgardenhalong.com\/en\/wp-json\/wp\/v2\/pages\/311","targetHints":{"allow":["GET"]}}],"collection":[{"href":"https:\/\/wyndhamgardenhalong.com\/en\/wp-json\/wp\/v2\/pages"}],"about":[{"href":"https:\/\/wyndhamgardenhalong.com\/en\/wp-json\/wp\/v2\/types\/page"}],"author":[{"embeddable":true,"href":"https:\/\/wyndhamgardenhalong.com\/en\/wp-json\/wp\/v2\/users\/1"}],"replies":[{"embeddable":true,"href":"https:\/\/wyndhamgardenhalong.com\/en\/wp-json\/wp\/v2\/comments?post=311"}],"version-history":[{"count":0,"href":"https:\/\/wyndhamgardenhalong.com\/en\/wp-json\/wp\/v2\/pages\/311\/revisions"}],"wp:attachment":[{"href":"https:\/\/wyndhamgardenhalong.com\/en\/wp-json\/wp\/v2\/media?parent=311"}],"curies":[{"name":"wp","href":"https:\/\/api.w.org\/{rel}","templated":true}]}}